{"id":97,"date":"2017-02-15T02:44:20","date_gmt":"2017-02-15T02:44:20","guid":{"rendered":"http:\/\/demo.themeton.com\/consultaid\/?page_id=97"},"modified":"2021-03-31T16:59:12","modified_gmt":"2021-03-31T19:59:12","slug":"empresa","status":"publish","type":"page","link":"https:\/\/ajmdconsultores.com.br\/index.php\/empresa\/","title":{"rendered":"Empresa"},"content":{"rendered":"<p>[vc_row][vc_column][vc_single_image image=&#8221;1354&#8243; img_size=&#8221;medium&#8221; alignment=&#8221;center&#8221;][vc_column_text]<b>AJMD Consultores<\/b><span style=\"font-weight: 400;\"> \u00e9 uma empresa que re\u00fane o conhecimento e expertise de profissionais renomados no mercado para oferecer solu\u00e7\u00f5es <\/span><span style=\"font-weight: 400;\">de gest\u00e3o <\/span><span style=\"font-weight: 400;\">para voc\u00ea e para as institui\u00e7\u00f5es por meio da presta\u00e7\u00e3o de servi\u00e7os de qualidade e confiabilidade, com organiza\u00e7\u00e3o e conhecimento t\u00e9cnico.<\/span><\/p>\n<p><span style=\"font-weight: 400;\">Surgiu da uni\u00e3o de empreendedores com diferentes atua\u00e7\u00f5es de mercado. Com atua\u00e7\u00e3o e experi\u00eancia na \u00e1rea da administra\u00e7\u00e3o p\u00fablica e com experi\u00eancia e atua\u00e7\u00e3o na \u00e1rea privada, que contam com uma rede de profissionais habilitados capazes de desempenhar suas fun\u00e7\u00f5es com not\u00f3rio conhecimento t\u00e9cnico e responsabilidade.\u00a0<\/span><\/p>\n<p>Entre em contato e conhe\u00e7a nossos servi\u00e7os.[\/vc_column_text][vc_empty_space][\/vc_column][\/vc_row][vc_row full_width=&#8221;stretch_row_content_no_spaces&#8221; content_placement=&#8221;middle&#8221; css=&#8221;.vc_custom_1488424272518{background-color: #ebf1f6 !important;}&#8221;][vc_column width=&#8221;1\/6&#8243;][\/vc_column][vc_column width=&#8221;2\/6&#8243;][vc_single_image image=&#8221;1565&#8243; img_size=&#8221;full&#8221; alignment=&#8221;center&#8221; title=&#8221;Solu\u00e7\u00f5es completas para voc\u00ea&#8221;][\/vc_column][vc_column width=&#8221;2\/6&#8243; css=&#8221;.vc_custom_1489111766892{padding-right: 15px !important;padding-left: 15px !important;}&#8221;][vc_row_inner][vc_column_inner width=&#8221;1\/6&#8243;][vc_single_image image=&#8221;578&#8243;][\/vc_column_inner][vc_column_inner width=&#8221;5\/6&#8243;][vc_custom_heading text=&#8221;Nossa miss\u00e3o&#8221; font_container=&#8221;tag:h2|font_size:36px|text_align:left&#8221; use_theme_fonts=&#8221;yes&#8221; el_class=&#8221;color-title&#8221;][vc_column_text]Oferecer servi\u00e7os e solu\u00e7\u00f5es de excel\u00eancia que contribuam para a sa\u00fade financeira dos nossos clientes, prote\u00e7\u00e3o do seu patrim\u00f4nio e incremento de desempenho de organiza\u00e7\u00f5es p\u00fablicas e privadas[\/vc_column_text][\/vc_column_inner][\/vc_row_inner][vc_row_inner][vc_column_inner width=&#8221;1\/6&#8243;][vc_single_image image=&#8221;1087&#8243;][\/vc_column_inner][vc_column_inner width=&#8221;5\/6&#8243;][vc_custom_heading text=&#8221;Nossos Valores&#8221; font_container=&#8221;tag:h2|font_size:36px|text_align:left&#8221; use_theme_fonts=&#8221;yes&#8221; el_class=&#8221;color-title&#8221;][vc_column_text]<\/p>\n<ul>\n<li>Confian\u00e7a<\/li>\n<li>Confidencialidade<\/li>\n<li>Integridade<\/li>\n<li>Transpar\u00eancia<\/li>\n<li>\u00c9tica<\/li>\n<li>Cuidado<\/li>\n<li>Comprometimento<\/li>\n<\/ul>\n<p>[\/vc_column_text][con_button conbutton=&#8221;url:http%3A%2F%2Fajmdconsultores.com.br%2Findex.php%2Fpages%2Fcontato-2%2F|title:CONTATO||&#8221;][vc_empty_space][\/vc_column_inner][\/vc_row_inner][\/vc_column][vc_column width=&#8221;1\/6&#8243;][\/vc_column][\/vc_row]<\/p>\n","protected":false},"excerpt":{"rendered":"<p>[vc_row][vc_column][vc_single_image image=&#8221;1354&#8243; img_size=&#8221;medium&#8221; alignment=&#8221;center&#8221;][vc_column_text]AJMD Consultores \u00e9 uma empresa que re\u00fane o conhecimento e expertise de profissionais renomados no mercado para oferecer solu\u00e7\u00f5es de gest\u00e3o para voc\u00ea e para as institui\u00e7\u00f5es por meio da presta\u00e7\u00e3o de servi\u00e7os de qualidade e confiabilidade, &#8230;<\/p>\n","protected":false},"author":2,"featured_media":0,"parent":0,"menu_order":0,"comment_status":"closed","ping_status":"closed","template":"","meta":{"om_disable_all_campaigns":false,"_monsterinsights_skip_tracking":false,"_monsterinsights_sitenote_active":false,"_monsterinsights_sitenote_note":"","_monsterinsights_sitenote_category":0,"footnotes":""},"class_list":["post-97","page","type-page","status-publish","hentry"],"aioseo_notices":[],"_links":{"self":[{"href":"https:\/\/ajmdconsultores.com.br\/index.php\/wp-json\/wp\/v2\/pages\/97","targetHints":{"allow":["GET"]}}],"collection":[{"href":"https:\/\/ajmdconsultores.com.br\/index.php\/wp-json\/wp\/v2\/pages"}],"about":[{"href":"https:\/\/ajmdconsultores.com.br\/index.php\/wp-json\/wp\/v2\/types\/page"}],"author":[{"embeddable":true,"href":"https:\/\/ajmdconsultores.com.br\/index.php\/wp-json\/wp\/v2\/users\/2"}],"replies":[{"embeddable":true,"href":"https:\/\/ajmdconsultores.com.br\/index.php\/wp-json\/wp\/v2\/comments?post=97"}],"version-history":[{"count":30,"href":"https:\/\/ajmdconsultores.com.br\/index.php\/wp-json\/wp\/v2\/pages\/97\/revisions"}],"predecessor-version":[{"id":1580,"href":"https:\/\/ajmdconsultores.com.br\/index.php\/wp-json\/wp\/v2\/pages\/97\/revisions\/1580"}],"wp:attachment":[{"href":"https:\/\/ajmdconsultores.com.br\/index.php\/wp-json\/wp\/v2\/media?parent=97"}],"curies":[{"name":"wp","href":"https:\/\/api.w.org\/{rel}","templated":true}]}}