{"id":207,"date":"2017-02-21T05:01:39","date_gmt":"2017-02-21T05:01:39","guid":{"rendered":"http:\/\/demo.themeton.com\/consultaid\/?page_id=207"},"modified":"2021-04-27T19:49:32","modified_gmt":"2021-04-27T22:49:32","slug":"servicos","status":"publish","type":"page","link":"https:\/\/ajmdconsultores.com.br\/index.php\/servicos\/","title":{"rendered":"Servi\u00e7os"},"content":{"rendered":"<p>[vc_row css=&#8221;. vc_custom_1488541006078 {margin-top: 20px! important;}&#8221;][vc_column][vc_column_text]<\/p>\n<h1 style=\"text-align: center;\">Nossos servi\u00e7os<\/h1>\n<p style=\"text-align: center;\">Seja para voc\u00ea, para sua empresa ou para \u00f3rg\u00e3os p\u00fablicos, temos uma abordagem completa de servi\u00e7os de consultoria e assessoria:<\/p>\n<p>[\/vc_column_text][\/vc_column][\/vc_row][vc_row][vc_column width=&#8221;1\/3&#8243;][service_alt icon_type=&#8221;icon_image&#8221; image=&#8221;1417&#8243; title=&#8221;Gest\u00e3o Financeira&#8221; desc=&#8221;Consultoria e assessoria para a gest\u00e3o de receitas, despesas, concilia\u00e7\u00e3o banc\u00e1ria, fluxo de caixa, contas a pagar e receber com suporte de sistema de gest\u00e3o da AJMD&#8230;.&#8221;][con_button conbutton=&#8221;url:http%3A%2F%2Fajmdconsultores.com.br%2Findex.php%2Fservicos%2Fgestao-financeira%2F|title:SAIBA%20MAIS||&#8221;][\/vc_column][vc_column width=&#8221;1\/3&#8243;][service_alt icon_type=&#8221;icon_image&#8221; image=&#8221;1501&#8243; titletop=&#8221;02&#8243; title=&#8221;Cobran\u00e7a&#8221; desc=&#8221;A AJMD gerencia o seu fluxo de recebimento de clientes e devedores executando o apoio administrativo para controle de inadimpl\u00eancia e execu\u00e7\u00e3o de atividades cobran\u00e7a&#8230;&#8221;][con_button conbutton=&#8221;url:http%3A%2F%2Fajmdconsultores.com.br%2Findex.php%2Fservicos%2Fcobranca%2F|title:Saiba%20Mais||&#8221;][\/vc_column][vc_column width=&#8221;1\/3&#8243;][service_alt icon_type=&#8221;icon_image&#8221; image=&#8221;1418&#8243; titletop=&#8221;03&#8243; title=&#8221;Registro de Marca&#8221; desc=&#8221;A prote\u00e7\u00e3o de Marca assegura o direito de uso exclusivo em seu ramo de atividade econ\u00f4mica. Elaboramos os documentos t\u00e9cnicos e formais para entrada do dep\u00f3sito do pedido, o acompanhamento da tramita\u00e7\u00e3o do processo respondendo exig\u00eancias e cumprimento de prazos legais at\u00e9 a entrega do Certificado do Registro ao Titular.&#8221;][con_button conbutton=&#8221;url:http%3A%2F%2Fajmdconsultores.com.br%2Findex.php%2Fservicos%2Fregistrodemarcas%2F|title:Saiba%20Mais||&#8221;][\/vc_column][\/vc_row][vc_row][vc_column width=&#8221;1\/3&#8243;][service_alt icon_type=&#8221;icon_image&#8221; image=&#8221;237&#8243; titletop=&#8221;04&#8243; title=&#8221;Investimentos&#8221; desc=&#8221;Invista em seu futuro e conte com a nossa ajuda para alcan\u00e7ar o melhor caminho para atingir seus objetivos. Assessoria e informa\u00e7\u00f5es para diversificar seus investimentos. Na AJMD voc\u00ea encontra um atendimento personalizado de acordo com o seu perfil de investidor e seus objetivos.&#8221;][\/vc_column][vc_column width=&#8221;1\/3&#8243;][service_alt icon_type=&#8221;icon_image&#8221; image=&#8221;1502&#8243; titletop=&#8221;05&#8243; title=&#8221;Gest\u00e3o cont\u00e1bil e patrimonial&#8221; desc=&#8221;Promovemos a integra\u00e7\u00e3o da gest\u00e3o financeira da AJMD com o seu sistema cont\u00e1bil e tamb\u00e9m prestamos assessoria cont\u00e1bil online suportando a gera\u00e7\u00e3o de demonstrativos e o cumprimento de obriga\u00e7\u00f5es fiscais, desde o registro do seu neg\u00f3cio e acompanhando o  seu crescimento e evolu\u00e7\u00e3o patrimonial. Atuamos, tamb\u00e9m, com consultoria na gest\u00e3o de ativos e planejamento sucess\u00f3rio pessoal e empresarial.&#8221;][\/vc_column][vc_column width=&#8221;1\/3&#8243;][service_alt icon_type=&#8221;icon_image&#8221; image=&#8221;1500&#8243; titletop=&#8221;06&#8243; title=&#8221;Gest\u00e3o organizacional&#8221; desc=&#8221;Servi\u00e7os de consultoria especializada para alavancar o desempenho organizacional e potencializar a entrega de resultados pela institui\u00e7\u00e3o e funcion\u00e1rios. Com servi\u00e7os voltados para institui\u00e7\u00f5es privadas e p\u00fablicas a AJMD&#8230;&#8221;][con_button conbutton=&#8221;url:http%3A%2F%2Fajmdconsultores.com.br%2Findex.php%2Fservicos%2Fgestaoorganizacional%2F|title:Saiba%20Mais||&#8221;][\/vc_column][\/vc_row][vc_row][vc_column width=&#8221;1\/3&#8243;][service_alt icon_type=&#8221;icon_image&#8221; image=&#8221;1415&#8243; titletop=&#8221;07&#8243; title=&#8221;Capacita\u00e7\u00e3o e Treinamento&#8221; desc=&#8221;Desenvolvimento pessoal e institucional, a distancia ou presencialmente. Nossos consultores especializados est\u00e3o a disposi\u00e7\u00e3o para capacita\u00e7\u00f5es, treinamentos sobre planejamento financeiro pessoal e familiar, educa\u00e7\u00e3o financeira e desenvolvimento organizacional e gerencial para a sustentabilidade de empresas, sindicatos, cooperativas, igrejas, organiza\u00e7\u00f5es do terceiro setor, \u00f3rg\u00e3os p\u00fablicos e escolas.&#8221;][\/vc_column][vc_column width=&#8221;1\/3&#8243;][service_alt icon_type=&#8221;icon_image&#8221; image=&#8221;1651&#8243; titletop=&#8221;08&#8243; title=&#8221;Sistema de gest\u00e3o&#8221; desc=&#8221;Voc\u00ea e sua empresa tamb\u00e9m podem contratar somente o acesso ao sistema de gest\u00e3o da AJMD mediante planos mensais e funcionalidades de acordo com as suas necessidades e contar com treinamento especializado para sua utiliza\u00e7\u00e3o.&#8221;][\/vc_column][\/vc_row][vc_row css=&#8221;.vc_custom_1488544927588{margin-top: 30px !important;margin-bottom: 70px !important;}&#8221;][vc_column][vc_column_text]<\/p>\n<h1 style=\"text-align: center;\">Mais informa\u00e7\u00f5es e proposta?<br \/>\nEntre em <a style=\"color: #e9563d;\" title=\"Contato\" href=\"https:\/\/ajmdconsultores.com.br\/index.php\/pages\/contato-2\/\">Contato<\/a><\/h1>\n<p>[\/vc_column_text][\/vc_column][\/vc_row][vc_row full_width=&#8221;stretch_row&#8221; content_placement=&#8221;middle&#8221; css=&#8221;.vc_custom_1616528567616{padding-bottom: 0px !important;background-color: #ffffff !important;}&#8221;][vc_column width=&#8221;5\/12&#8243; offset=&#8221;vc_hidden-lg vc_hidden-md vc_hidden-sm vc_hidden-xs&#8221;][vc_single_image image=&#8221;292&#8243; img_size=&#8221;full&#8221; alignment=&#8221;center&#8221; css=&#8221;.vc_custom_1487747497931{margin-bottom: 0px !important;padding-bottom: 0px !important;}&#8221;][\/vc_column][vc_column width=&#8221;1\/2&#8243; css=&#8221;.vc_custom_1616528413313{margin-top: 20px !important;margin-bottom: 50px !important;}&#8221; offset=&#8221;vc_hidden-lg vc_hidden-md vc_hidden-sm vc_hidden-xs&#8221;][testimonial_carousel group=&#8221;%5B%7B%22name%22%3A%22Mariya%20Williams%22%2C%22position%22%3A%22Designation%22%2C%22body%22%3A%22Lorem%20Ipsum%20is%20simply%20dummy%20text%20of%20the%20printing%20and%20typesetting%20industry.%20Lorem%20Ipsum%20has%20been%20the%20industry%E2%80%99s%20standard%20dummy%20text%20ever%20since%20the%20when%20an%20unknown%20printer%20took%20a%20galley.%22%2C%22imageposition%22%3A%22left%22%2C%22textalign%22%3A%22uk-text-left%22%2C%22starrate%22%3A%223%22%7D%5D&#8221; extra_class=&#8221;text-light p0 mb0&#8243;][\/vc_column][vc_column width=&#8221;1\/12&#8243;][\/vc_column][\/vc_row]<\/p>\n","protected":false},"excerpt":{"rendered":"<p>[vc_row css=&#8221;. vc_custom_1488541006078 {margin-top: 20px! important;}&#8221;][vc_column][vc_column_text] Nossos servi\u00e7os Seja para voc\u00ea, para sua empresa ou para \u00f3rg\u00e3os p\u00fablicos, temos uma abordagem completa de servi\u00e7os de consultoria e assessoria: [\/vc_column_text][\/vc_column][\/vc_row][vc_row][vc_column width=&#8221;1\/3&#8243;][service_alt icon_type=&#8221;icon_image&#8221; image=&#8221;1417&#8243; title=&#8221;Gest\u00e3o Financeira&#8221; desc=&#8221;Consultoria e assessoria para a gest\u00e3o &#8230;<\/p>\n","protected":false},"author":2,"featured_media":0,"parent":0,"menu_order":0,"comment_status":"closed","ping_status":"closed","template":"","meta":{"om_disable_all_campaigns":false,"_monsterinsights_skip_tracking":false,"_monsterinsights_sitenote_active":false,"_monsterinsights_sitenote_note":"","_monsterinsights_sitenote_category":0,"footnotes":""},"class_list":["post-207","page","type-page","status-publish","hentry"],"aioseo_notices":[],"_links":{"self":[{"href":"https:\/\/ajmdconsultores.com.br\/index.php\/wp-json\/wp\/v2\/pages\/207","targetHints":{"allow":["GET"]}}],"collection":[{"href":"https:\/\/ajmdconsultores.com.br\/index.php\/wp-json\/wp\/v2\/pages"}],"about":[{"href":"https:\/\/ajmdconsultores.com.br\/index.php\/wp-json\/wp\/v2\/types\/page"}],"author":[{"embeddable":true,"href":"https:\/\/ajmdconsultores.com.br\/index.php\/wp-json\/wp\/v2\/users\/2"}],"replies":[{"embeddable":true,"href":"https:\/\/ajmdconsultores.com.br\/index.php\/wp-json\/wp\/v2\/comments?post=207"}],"version-history":[{"count":36,"href":"https:\/\/ajmdconsultores.com.br\/index.php\/wp-json\/wp\/v2\/pages\/207\/revisions"}],"predecessor-version":[{"id":1663,"href":"https:\/\/ajmdconsultores.com.br\/index.php\/wp-json\/wp\/v2\/pages\/207\/revisions\/1663"}],"wp:attachment":[{"href":"https:\/\/ajmdconsultores.com.br\/index.php\/wp-json\/wp\/v2\/media?parent=207"}],"curies":[{"name":"wp","href":"https:\/\/api.w.org\/{rel}","templated":true}]}}