{"id":203,"date":"2017-02-21T04:59:37","date_gmt":"2017-02-21T04:59:37","guid":{"rendered":"http:\/\/demo.themeton.com\/consultaid\/?page_id=203"},"modified":"2021-04-23T22:21:29","modified_gmt":"2021-04-24T01:21:29","slug":"home-page-2","status":"publish","type":"page","link":"https:\/\/ajmdconsultores.com.br\/","title":{"rendered":"In\u00edcio"},"content":{"rendered":"<p>[vc_row gap=&#8221;1&#8243; content_placement=&#8221;top&#8221; css=&#8221;.vc_custom_1616274822878{margin-top: -35px !important;margin-bottom: 0px !important;}&#8221;][vc_column width=&#8221;2\/3&#8243;][vc_column_text]<\/p>\n<h1><span style=\"vertical-align: inherit;\"><span style=\"vertical-align: inherit;\">Consultores especializados<\/span><\/span><\/h1>\n<p><span style=\"font-weight: 400;\">Nossa empresa est\u00e1 apta a oferecer solu\u00e7\u00f5es para problemas de organiza\u00e7\u00e3o financeira,<\/span> <span style=\"font-weight: 400;\">controle de receitas e despesas, efici\u00eancia na gest\u00e3o de organiza\u00e7\u00f5es p\u00fablicas e privadas <\/span><span style=\"font-weight: 400;\">e finan\u00e7as pessoais, contribuindo para a maximiza\u00e7\u00e3o dos resultados. <\/span><span style=\"font-weight: 400;\">O atendimento pode ser <\/span><span style=\"font-weight: 400;\">realizado presencialmente ou a dist\u00e2ncia com personaliza\u00e7\u00e3o e equipe estruturada de forma a melhor atender as necessidades dos clientes. Conhe\u00e7a nossos servi\u00e7os e planos feitos para voc\u00ea!\u00a0<\/span>[\/vc_column_text][vc_single_image image=&#8221;1562&#8243; img_size=&#8221;full&#8221; el_class=&#8221;p100&#8243;][vc_empty_space height=&#8221;30px&#8221;][\/vc_column][vc_column width=&#8221;1\/3&#8243; css=&#8221;.vc_custom_1619227275741{margin-top: -86px !important;}&#8221;][con_quote_form title=&#8221;Entre em contato&#8221; shortcode=&#8221;`{`contact-form-7 id=&#8220;1317&#8220; title=&#8220;&#8220;`}`&#8221;][\/vc_column][\/vc_row][vc_row full_width=&#8221;stretch_row&#8221; css=&#8221;.vc_custom_1489109480349{margin-top: 50px !important;padding-top: 53px !important;padding-bottom: 120px !important;background-color: #ebf1f6 !important;}&#8221;][vc_column][vc_custom_heading text=&#8221;Nossos Servi\u00e7os&#8221; font_container=&#8221;tag:h2|font_size:36|text_align:center|line_height:1.5&#8243; use_theme_fonts=&#8221;yes&#8221;][vc_row_inner gap=&#8221;30&#8243;][vc_column_inner width=&#8221;1\/3&#8243;][service_box style=&#8221;style-center style-above&#8221; icon_type=&#8221;icon_image&#8221; image=&#8221;1417&#8243; imagesize=&#8221;45&#215;45&#8243; title=&#8221;Gest\u00e3o Financeira&#8221; desc=&#8221;Consultoria e assessoria para a gest\u00e3o de receitas, despesas, concilia\u00e7\u00e3o banc\u00e1ria, fluxo de caixa, contas a pagar e receber com suporte de sistema de gest\u00e3o da AJMD&#8230;.&#8221; extra_class=&#8221;mb0&#8243;][\/vc_column_inner][vc_column_inner width=&#8221;1\/3&#8243; css=&#8221;.vc_custom_1488528233325{border-left-width: 1px !important;padding-top: 0px !important;padding-bottom: 0px !important;padding-left: 30px !important;border-left-color: #d0dae2 !important;border-left-style: solid !important;}&#8221;][service_box style=&#8221;style-center style-above&#8221; icon_type=&#8221;icon_image&#8221; image=&#8221;1501&#8243; imagesize=&#8221;45&#215;45&#8243; size=&#8221;small&#8221; title=&#8221;Cobran\u00e7a&#8221; desc=&#8221;A AJMD gerencia o seu fluxo de recebimento de clientes e devedores executando o apoio administrativo para controle de inadimpl\u00eancia e execu\u00e7\u00e3o de atividades cobran\u00e7a&#8230;&#8221; extra_class=&#8221;mb0&#8243;][\/vc_column_inner][vc_column_inner width=&#8221;1\/3&#8243;][service_box style=&#8221;style-center style-above&#8221; icon_type=&#8221;icon_image&#8221; image=&#8221;1418&#8243; imagesize=&#8221;45&#215;45&#8243; title=&#8221;Registro de Marca&#8221; desc=&#8221;A prote\u00e7\u00e3o de Marca assegura o direito de uso exclusivo  em seu ramo de atividade econ\u00f4mica. A AJMD conta com profissionais especializados na \u00e1rea t\u00e9cnica e jur\u00eddica com vasta experi\u00eancia&#8230;&#8221; extra_class=&#8221;mb0&#8243;][\/vc_column_inner][\/vc_row_inner][con_button alignment=&#8221;center&#8221; conbutton=&#8221;url:http%3A%2F%2Fajmdconsultores.com.br%2Findex.php%2Fservicos%2F|title:Servi%C3%A7os||&#8221;][\/vc_column][\/vc_row][vc_row css=&#8221;.vc_custom_1489027330682{border-bottom-width: 1px !important;padding-top: 50px !important;padding-bottom: 40px !important;border-bottom-color: #dce1e3 !important;border-bottom-style: solid !important;}&#8221;][vc_column offset=&#8221;vc_hidden-lg vc_hidden-md vc_hidden-sm vc_hidden-xs&#8221;][testimonial_carousel group=&#8221;%5B%7B%22description%22%3A%22Depoimentos%22%2C%22name%22%3A%22CLIENT%20NAME%22%2C%22position%22%3A%22Designation%22%2C%22body%22%3A%22orem%20Ipsum%20is%20simply%20dummy%20text%20of%20the%20printing%20and%20typesetting%20industry.%20Lorem%20Ipsum%20has%20been%20the%20industry&#8217;s%20standard%20dummy%20text%20ever%20since%20the%201500s%2C%20when%20an%20unknown%20printer%20took%20a%20galley%20of%20type%20and%20scrambled%20it%20to%20make%20a%20type%20specimen%20book.%22%2C%22image%22%3A%22823%22%2C%22imageposition%22%3A%22bottom%22%2C%22textalign%22%3A%22uk-text-center%22%2C%22starrate%22%3A%224%22%2C%22quotestyle%22%3A%220%22%7D%2C%7B%22description%22%3A%22Our%20Testimonials%22%2C%22name%22%3A%22CLIENT%20NAME%22%2C%22position%22%3A%22CEO%22%2C%22body%22%3A%22Lorem%20Ipsum%20is%20simply%20dummy%20text%20of%20the%20printing%20and%20typesetting%20industry.%20Lorem%20Ipsum%20has%20been%20the%20industry&#8217;s%20standard%20dummy%20text%20ever%20since%20the%201500s%2C%20when%20an%20unknown%20printer%20took%20a%20galley.%22%2C%22image%22%3A%22823%22%2C%22imageposition%22%3A%22bottom%22%2C%22textalign%22%3A%22uk-text-center%22%2C%22starrate%22%3A%225%22%2C%22quotestyle%22%3A%220%22%7D%5D&#8221;][\/vc_column][\/vc_row][vc_row][vc_column offset=&#8221;vc_hidden-lg vc_hidden-md vc_hidden-sm vc_hidden-xs&#8221;][vc_custom_heading text=&#8221;Ultimas not\u00edcias&#8221; font_container=&#8221;tag:h2|font_size:36|text_align:center|line_height:1.5&#8243; use_theme_fonts=&#8221;yes&#8221;][con_post count=&#8221;3&#8243; style=&#8221;4&#8243; pagination=&#8221;&#8221;][\/vc_column][\/vc_row]<\/p>\n","protected":false},"excerpt":{"rendered":"<p>[vc_row gap=&#8221;1&#8243; content_placement=&#8221;top&#8221; css=&#8221;.vc_custom_1616274822878{margin-top: -35px !important;margin-bottom: 0px !important;}&#8221;][vc_column width=&#8221;2\/3&#8243;][vc_column_text] Consultores especializados Nossa empresa est\u00e1 apta a oferecer solu\u00e7\u00f5es para problemas de organiza\u00e7\u00e3o financeira, controle de receitas e despesas, efici\u00eancia na gest\u00e3o de organiza\u00e7\u00f5es p\u00fablicas e privadas e finan\u00e7as pessoais, contribuindo &#8230;<\/p>\n","protected":false},"author":2,"featured_media":0,"parent":0,"menu_order":0,"comment_status":"closed","ping_status":"closed","template":"","meta":{"om_disable_all_campaigns":false,"_monsterinsights_skip_tracking":false,"_monsterinsights_sitenote_active":false,"_monsterinsights_sitenote_note":"","_monsterinsights_sitenote_category":0,"footnotes":""},"class_list":["post-203","page","type-page","status-publish","hentry"],"aioseo_notices":[],"_links":{"self":[{"href":"https:\/\/ajmdconsultores.com.br\/index.php\/wp-json\/wp\/v2\/pages\/203","targetHints":{"allow":["GET"]}}],"collection":[{"href":"https:\/\/ajmdconsultores.com.br\/index.php\/wp-json\/wp\/v2\/pages"}],"about":[{"href":"https:\/\/ajmdconsultores.com.br\/index.php\/wp-json\/wp\/v2\/types\/page"}],"author":[{"embeddable":true,"href":"https:\/\/ajmdconsultores.com.br\/index.php\/wp-json\/wp\/v2\/users\/2"}],"replies":[{"embeddable":true,"href":"https:\/\/ajmdconsultores.com.br\/index.php\/wp-json\/wp\/v2\/comments?post=203"}],"version-history":[{"count":32,"href":"https:\/\/ajmdconsultores.com.br\/index.php\/wp-json\/wp\/v2\/pages\/203\/revisions"}],"predecessor-version":[{"id":1611,"href":"https:\/\/ajmdconsultores.com.br\/index.php\/wp-json\/wp\/v2\/pages\/203\/revisions\/1611"}],"wp:attachment":[{"href":"https:\/\/ajmdconsultores.com.br\/index.php\/wp-json\/wp\/v2\/media?parent=203"}],"curies":[{"name":"wp","href":"https:\/\/api.w.org\/{rel}","templated":true}]}}