{"id":1617,"date":"2021-04-25T17:38:59","date_gmt":"2021-04-25T20:38:59","guid":{"rendered":"http:\/\/ajmdconsultores.com.br\/?page_id=1617"},"modified":"2021-04-27T19:50:23","modified_gmt":"2021-04-27T22:50:23","slug":"gestaoorganizacional","status":"publish","type":"page","link":"https:\/\/ajmdconsultores.com.br\/index.php\/servicos\/gestaoorganizacional\/","title":{"rendered":"Gest\u00e3o Organizacional"},"content":{"rendered":"<p>[vc_row][vc_column][vc_custom_heading text=&#8221;Gest\u00e3o Organizacional&#8221; font_container=&#8221;tag:h2|font_size:36px|text_align:center|line_height:55px&#8221; use_theme_fonts=&#8221;yes&#8221;][vc_single_image image=&#8221;332&#8243; img_size=&#8221;full&#8221; alignment=&#8221;center&#8221;][\/vc_column][\/vc_row][vc_row][vc_column width=&#8221;1\/6&#8243;][\/vc_column][vc_column width=&#8221;2\/3&#8243;][vc_column_text]Servi\u00e7os de consultoria especializada para alavancar o desempenho organizacional e potencializar a entrega de resultados pela institui\u00e7\u00e3o e funcion\u00e1rios.<\/p>\n<p>Com servi\u00e7os voltados para institui\u00e7\u00f5es privadas e p\u00fablicas a AJMD trabalha com <span style=\"font-weight: 400;\">a condu\u00e7\u00e3o de pessoas e processos de forma eficaz, promovendo melhorias, alinhamento estrat\u00e9gico e criando um ambiente colaborativo, prop\u00edcio ao autodesenvolvimento e, consequentemente, \u00e0 conquista das metas esperadas.\u00a0<\/span><\/p>\n<p><span style=\"font-weight: 400;\">A contrata\u00e7\u00e3o de uma consultoria especializada possibilita analisar quais s\u00e3o os aspectos necess\u00e1rios para identificar gaps internos que dificultam a obten\u00e7\u00e3o de resultados e atuar sobre os processos e suas intera\u00e7\u00f5es dentre os v\u00e1rios departamentos.\u00a0<\/span>[\/vc_column_text][vc_custom_heading text=&#8221;Algumas de nossas \u00e1reas de atua\u00e7\u00e3o:&#8221; font_container=&#8221;tag:h3|font_size:21px|text_align:left|line_height:48px&#8221; use_theme_fonts=&#8221;yes&#8221;][icon_list icon_type=&#8221;fontawesome&#8221; icon_fontawesome=&#8221;fa fa-arrow-circle-right&#8221; color=&#8221;#0a0101&#8243; extra_class=&#8221;&#8221; list=&#8221;%5B%7B%22item%22%3A%22Planejamento%20Estrat%C3%A9gico%22%7D%2C%7B%22item%22%3A%22Gest%C3%A3o%20para%20resultados%22%7D%2C%7B%22item%22%3A%22Gest%C3%A3o%20de%20processos%22%7D%2C%7B%22item%22%3A%22Gest%C3%A3o%20comercial%20-%20Vendas%22%7D%2C%7B%22item%22%3A%22Gest%C3%A3o%20p%C3%BAblica%20-%20Planejamento%20p%C3%BAblico%22%7D%2C%7B%22item%22%3A%22Gest%C3%A3o%20P%C3%BAblica%20-%20Compras%20p%C3%BAblicas%22%7D%2C%7B%22item%22%3A%22Gest%C3%A3o%20p%C3%BAblica%20-%20Gest%C3%A3o%20do%20Atendimento%20ao%20cidad%C3%A3o%22%7D%5D&#8221;][vc_empty_space height=&#8221;25px&#8221;][vc_column_text]<\/p>\n<h1 style=\"text-align: center;\">Gostou de nossos servi\u00e7os ?<br \/>\nEntre em <a style=\"color: #e9563d;\" title=\"Contato\" href=\"https:\/\/ajmdconsultores.com.br\/index.php\/pages\/contato-2\/\">Contato<\/a><\/h1>\n<p>[\/vc_column_text][vc_empty_space height=&#8221;20px&#8221;][\/vc_column][vc_column width=&#8221;1\/6&#8243;][\/vc_column][\/vc_row][vc_row full_width=&#8221;stretch_row&#8221; css=&#8221;.vc_custom_1489151589380{padding-top: 50px !important;padding-bottom: 100px !important;background-color: #ecf1f7 !important;}&#8221;][vc_column offset=&#8221;vc_hidden-lg vc_hidden-md vc_hidden-sm vc_hidden-xs&#8221;][vc_column_text]<\/p>\n<h2 style=\"text-align: center;\">Clientes<\/h2>\n<p>[\/vc_column_text][vc_row_inner][vc_column_inner width=&#8221;1\/4&#8243;][info_box icon_types=&#8221;icon_image&#8221; shadows=&#8221;large&#8221; href=&#8221;|||&#8221; extra_class=&#8221;hahah&#8221; icons=&#8221;fa fa-smile-o&#8221; image=&#8221;1460&#8243; title=&#8221;Imaginie&#8221;][\/vc_column_inner][vc_column_inner width=&#8221;1\/4&#8243;][info_box icon_types=&#8221;icon_image&#8221; shadows=&#8221;large&#8221; href=&#8221;url:http%3A%2F%2Fdemo.themeton.com%2Fconsultaid%2Fpages%2Fabout-us-1%2F|||&#8221; extra_class=&#8221;hahah&#8221; icons=&#8221;fa fa-coffee&#8221; image=&#8221;1459&#8243; title=&#8221;Eduk&#8221;][\/vc_column_inner][vc_column_inner width=&#8221;1\/4&#8243;][info_box icon_types=&#8221;icon_image&#8221; shadows=&#8221;large&#8221; href=&#8221;|||&#8221; extra_class=&#8221;hahah&#8221; icons=&#8221;fa fa-gift&#8221; title=&#8221;ChatGuru&#8221; image=&#8221;1457&#8243;][\/vc_column_inner][vc_column_inner width=&#8221;1\/4&#8243;][info_box icon_types=&#8221;icon_image&#8221; shadows=&#8221;large&#8221; href=&#8221;url:http%3A%2F%2Fdemo.themeton.com%2Fconsultaid%2Fpages%2Fabout-us-2%2F|||&#8221; extra_class=&#8221;hahah&#8221; icons=&#8221;fa fa-rocket&#8221; title=&#8221;Green&#8221; image=&#8221;1458&#8243;][\/vc_column_inner][\/vc_row_inner][\/vc_column][vc_column offset=&#8221;vc_hidden-lg vc_hidden-md vc_hidden-sm vc_hidden-xs&#8221; css=&#8221;.vc_custom_1616530286611{background-color: #ffffff !important;}&#8221;][\/vc_column][\/vc_row]<\/p>\n","protected":false},"excerpt":{"rendered":"<p>[vc_row][vc_column][vc_custom_heading text=&#8221;Gest\u00e3o Organizacional&#8221; font_container=&#8221;tag:h2|font_size:36px|text_align:center|line_height:55px&#8221; use_theme_fonts=&#8221;yes&#8221;][vc_single_image image=&#8221;332&#8243; img_size=&#8221;full&#8221; alignment=&#8221;center&#8221;][\/vc_column][\/vc_row][vc_row][vc_column width=&#8221;1\/6&#8243;][\/vc_column][vc_column width=&#8221;2\/3&#8243;][vc_column_text]Servi\u00e7os de consultoria especializada para alavancar o desempenho organizacional e potencializar a entrega de resultados pela institui\u00e7\u00e3o e funcion\u00e1rios. Com servi\u00e7os voltados para institui\u00e7\u00f5es privadas e p\u00fablicas a AJMD trabalha com &#8230;<\/p>\n","protected":false},"author":2,"featured_media":0,"parent":207,"menu_order":0,"comment_status":"closed","ping_status":"closed","template":"","meta":{"om_disable_all_campaigns":false,"_monsterinsights_skip_tracking":false,"_monsterinsights_sitenote_active":false,"_monsterinsights_sitenote_note":"","_monsterinsights_sitenote_category":0,"footnotes":""},"class_list":["post-1617","page","type-page","status-publish","hentry"],"aioseo_notices":[],"_links":{"self":[{"href":"https:\/\/ajmdconsultores.com.br\/index.php\/wp-json\/wp\/v2\/pages\/1617","targetHints":{"allow":["GET"]}}],"collection":[{"href":"https:\/\/ajmdconsultores.com.br\/index.php\/wp-json\/wp\/v2\/pages"}],"about":[{"href":"https:\/\/ajmdconsultores.com.br\/index.php\/wp-json\/wp\/v2\/types\/page"}],"author":[{"embeddable":true,"href":"https:\/\/ajmdconsultores.com.br\/index.php\/wp-json\/wp\/v2\/users\/2"}],"replies":[{"embeddable":true,"href":"https:\/\/ajmdconsultores.com.br\/index.php\/wp-json\/wp\/v2\/comments?post=1617"}],"version-history":[{"count":3,"href":"https:\/\/ajmdconsultores.com.br\/index.php\/wp-json\/wp\/v2\/pages\/1617\/revisions"}],"predecessor-version":[{"id":1664,"href":"https:\/\/ajmdconsultores.com.br\/index.php\/wp-json\/wp\/v2\/pages\/1617\/revisions\/1664"}],"up":[{"embeddable":true,"href":"https:\/\/ajmdconsultores.com.br\/index.php\/wp-json\/wp\/v2\/pages\/207"}],"wp:attachment":[{"href":"https:\/\/ajmdconsultores.com.br\/index.php\/wp-json\/wp\/v2\/media?parent=1617"}],"curies":[{"name":"wp","href":"https:\/\/api.w.org\/{rel}","templated":true}]}}