{"id":1596,"date":"2021-04-23T12:27:30","date_gmt":"2021-04-23T15:27:30","guid":{"rendered":"http:\/\/ajmdconsultores.com.br\/?page_id=1596"},"modified":"2021-04-23T13:06:29","modified_gmt":"2021-04-23T16:06:29","slug":"registrodemarcas","status":"publish","type":"page","link":"https:\/\/ajmdconsultores.com.br\/index.php\/servicos\/registrodemarcas\/","title":{"rendered":"Registro de Marcas"},"content":{"rendered":"<p>[vc_row][vc_column][vc_custom_heading text=&#8221;Registro de Marcas&#8221; font_container=&#8221;tag:h2|font_size:36px|text_align:center|line_height:55px&#8221; use_theme_fonts=&#8221;yes&#8221;][vc_single_image image=&#8221;1601&#8243; img_size=&#8221;full&#8221; alignment=&#8221;center&#8221;][\/vc_column][\/vc_row][vc_row][vc_column width=&#8221;1\/6&#8243;][\/vc_column][vc_column width=&#8221;2\/3&#8243;][vc_column_text]A prote\u00e7\u00e3o de Marca assegura o direito de uso exclusivo em seu ramo de atividade econ\u00f4mica.\u00a0 <span style=\"font-weight: 400;\">Realizamos uma busca pr\u00e9via da marca a ser protegida acompanhada de um parecer. <\/span>Elaboramos os documentos t\u00e9cnicos e formais para entrada do dep\u00f3sito do pedido, o acompanhamento da tramita\u00e7\u00e3o do processo respondendo exig\u00eancias e cumprimento de prazos legais at\u00e9 a entrega do Certificado do Registro ao Titular.[\/vc_column_text][vc_custom_heading text=&#8221;O QUE \u00c9 UMA MARCA?&#8221; font_container=&#8221;tag:h3|font_size:21px|text_align:left|line_height:48px&#8221; use_theme_fonts=&#8221;yes&#8221;][vc_column_text]Marca \u00e9 todo sinal distintivo, visualmente percept\u00edvel, que identifica e distingue produtos e servi\u00e7os, bem como certifica a conformidade dos mesmos com determinadas normas ou especifica\u00e7\u00f5es t\u00e9cnicas[\/vc_column_text][vc_custom_heading text=&#8221;O QUE \u00c9 UMA LOGOMARCA?&#8221; font_container=&#8221;tag:h3|font_size:21px|text_align:left|line_height:48px&#8221; use_theme_fonts=&#8221;yes&#8221;][vc_column_text]Logomarca, ou simplesmente logo, \u00e9 a representa\u00e7\u00e3o gr\u00e1fica do nome de uma empresa ou marca, que determina a sua identidade visual e tem como objetivo facilitar o seu reconhecimento[\/vc_column_text][vc_custom_heading text=&#8221;POR QUE DEVO REGISTRAR MINHA MARCA?&#8221; font_container=&#8221;tag:h3|font_size:21px|text_align:left|line_height:48px&#8221; use_theme_fonts=&#8221;yes&#8221;][vc_column_text]Uma marca \u00e9 um bem intang\u00edvel e sua prote\u00e7\u00e3o assegura ao seu propriet\u00e1rio o direito de uso exclusivo em todo o territ\u00f3rio nacional em seu ramo de atividade econ\u00f4mica e ainda, o direito de licenciar ou ceder seu registro; licenciar seu uso; sempre zelando pela sua integridade material e reputa\u00e7\u00e3o. Ao mesmo tempo, sua percep\u00e7\u00e3o pelo consumidor pode resultar em agrega\u00e7\u00e3o de valor aos produtos ou servi\u00e7os dos neg\u00f3cios da empresa.[\/vc_column_text][vc_empty_space height=&#8221;25px&#8221;][vc_column_text]<\/p>\n<h1 style=\"text-align: center;\">Quer Registrar sua Marca?<br \/>\nEntre em <a style=\"color: #e9563d;\" title=\"Contato\" href=\"https:\/\/ajmdconsultores.com.br\/index.php\/pages\/contato-2\/\">Contato<\/a><\/h1>\n<p>[\/vc_column_text][vc_empty_space height=&#8221;20px&#8221;][\/vc_column][vc_column width=&#8221;1\/6&#8243;][\/vc_column][\/vc_row][vc_row full_width=&#8221;stretch_row&#8221; css=&#8221;.vc_custom_1489151589380{padding-top: 50px !important;padding-bottom: 100px !important;background-color: #ecf1f7 !important;}&#8221;][vc_column offset=&#8221;vc_hidden-lg vc_hidden-md vc_hidden-sm vc_hidden-xs&#8221;][vc_column_text]<\/p>\n<h2 style=\"text-align: center;\">Clientes<\/h2>\n<p>[\/vc_column_text][vc_row_inner][vc_column_inner width=&#8221;1\/4&#8243;][info_box icon_types=&#8221;icon_image&#8221; shadows=&#8221;large&#8221; href=&#8221;|||&#8221; extra_class=&#8221;hahah&#8221; icons=&#8221;fa fa-smile-o&#8221; image=&#8221;1460&#8243; title=&#8221;Imaginie&#8221;][\/vc_column_inner][vc_column_inner width=&#8221;1\/4&#8243;][info_box icon_types=&#8221;icon_image&#8221; shadows=&#8221;large&#8221; href=&#8221;url:http%3A%2F%2Fdemo.themeton.com%2Fconsultaid%2Fpages%2Fabout-us-1%2F|||&#8221; extra_class=&#8221;hahah&#8221; icons=&#8221;fa fa-coffee&#8221; image=&#8221;1459&#8243; title=&#8221;Eduk&#8221;][\/vc_column_inner][vc_column_inner width=&#8221;1\/4&#8243;][info_box icon_types=&#8221;icon_image&#8221; shadows=&#8221;large&#8221; href=&#8221;|||&#8221; extra_class=&#8221;hahah&#8221; icons=&#8221;fa fa-gift&#8221; title=&#8221;ChatGuru&#8221; image=&#8221;1457&#8243;][\/vc_column_inner][vc_column_inner width=&#8221;1\/4&#8243;][info_box icon_types=&#8221;icon_image&#8221; shadows=&#8221;large&#8221; href=&#8221;url:http%3A%2F%2Fdemo.themeton.com%2Fconsultaid%2Fpages%2Fabout-us-2%2F|||&#8221; extra_class=&#8221;hahah&#8221; icons=&#8221;fa fa-rocket&#8221; title=&#8221;Green&#8221; image=&#8221;1458&#8243;][\/vc_column_inner][\/vc_row_inner][\/vc_column][vc_column offset=&#8221;vc_hidden-lg vc_hidden-md vc_hidden-sm vc_hidden-xs&#8221; css=&#8221;.vc_custom_1616530286611{background-color: #ffffff !important;}&#8221;][\/vc_column][\/vc_row]<\/p>\n","protected":false},"excerpt":{"rendered":"<p>[vc_row][vc_column][vc_custom_heading text=&#8221;Registro de Marcas&#8221; font_container=&#8221;tag:h2|font_size:36px|text_align:center|line_height:55px&#8221; use_theme_fonts=&#8221;yes&#8221;][vc_single_image image=&#8221;1601&#8243; img_size=&#8221;full&#8221; alignment=&#8221;center&#8221;][\/vc_column][\/vc_row][vc_row][vc_column width=&#8221;1\/6&#8243;][\/vc_column][vc_column width=&#8221;2\/3&#8243;][vc_column_text]A prote\u00e7\u00e3o de Marca assegura o direito de uso exclusivo em seu ramo de atividade econ\u00f4mica.\u00a0 Realizamos uma busca pr\u00e9via da marca a ser protegida acompanhada de um parecer. Elaboramos &#8230;<\/p>\n","protected":false},"author":2,"featured_media":0,"parent":207,"menu_order":0,"comment_status":"closed","ping_status":"closed","template":"","meta":{"om_disable_all_campaigns":false,"_monsterinsights_skip_tracking":false,"_monsterinsights_sitenote_active":false,"_monsterinsights_sitenote_note":"","_monsterinsights_sitenote_category":0,"footnotes":""},"class_list":["post-1596","page","type-page","status-publish","hentry"],"aioseo_notices":[],"_links":{"self":[{"href":"https:\/\/ajmdconsultores.com.br\/index.php\/wp-json\/wp\/v2\/pages\/1596","targetHints":{"allow":["GET"]}}],"collection":[{"href":"https:\/\/ajmdconsultores.com.br\/index.php\/wp-json\/wp\/v2\/pages"}],"about":[{"href":"https:\/\/ajmdconsultores.com.br\/index.php\/wp-json\/wp\/v2\/types\/page"}],"author":[{"embeddable":true,"href":"https:\/\/ajmdconsultores.com.br\/index.php\/wp-json\/wp\/v2\/users\/2"}],"replies":[{"embeddable":true,"href":"https:\/\/ajmdconsultores.com.br\/index.php\/wp-json\/wp\/v2\/comments?post=1596"}],"version-history":[{"count":3,"href":"https:\/\/ajmdconsultores.com.br\/index.php\/wp-json\/wp\/v2\/pages\/1596\/revisions"}],"predecessor-version":[{"id":1602,"href":"https:\/\/ajmdconsultores.com.br\/index.php\/wp-json\/wp\/v2\/pages\/1596\/revisions\/1602"}],"up":[{"embeddable":true,"href":"https:\/\/ajmdconsultores.com.br\/index.php\/wp-json\/wp\/v2\/pages\/207"}],"wp:attachment":[{"href":"https:\/\/ajmdconsultores.com.br\/index.php\/wp-json\/wp\/v2\/media?parent=1596"}],"curies":[{"name":"wp","href":"https:\/\/api.w.org\/{rel}","templated":true}]}}