{"id":1543,"date":"2021-03-23T17:03:47","date_gmt":"2021-03-23T20:03:47","guid":{"rendered":"http:\/\/ajmdconsultores.com.br\/?page_id=1543"},"modified":"2021-04-25T17:00:48","modified_gmt":"2021-04-25T20:00:48","slug":"cobranca","status":"publish","type":"page","link":"https:\/\/ajmdconsultores.com.br\/index.php\/servicos\/cobranca\/","title":{"rendered":"Cobran\u00e7a"},"content":{"rendered":"<p>[vc_row][vc_column][vc_custom_heading text=&#8221;Cobran\u00e7a&#8221; font_container=&#8221;tag:h2|font_size:36px|text_align:center|line_height:55px&#8221; use_theme_fonts=&#8221;yes&#8221;][vc_single_image image=&#8221;1608&#8243; img_size=&#8221;full&#8221; alignment=&#8221;center&#8221;][\/vc_column][\/vc_row][vc_row][vc_column width=&#8221;1\/6&#8243;][\/vc_column][vc_column width=&#8221;2\/3&#8243;][vc_column_text]A AJMD gerencia o seu fluxo de recebimento de clientes e devedores executando o apoio administrativo para controle de inadimpl\u00eancia e execu\u00e7\u00e3o de atividades cobran\u00e7a. Atuamos\u00a0<span style=\"font-weight: 400;\">desde a pr\u00e9-cobran\u00e7a (aviso de vencimento por e-mail e outras formas de contato direto), na cobran\u00e7a administrativa, at\u00e9 a judicial para clientes inadimplentes, com foco em realizar a recupera\u00e7\u00e3o do cr\u00e9dito tanto do credor quanto do devedor.<\/span>[\/vc_column_text][vc_custom_heading text=&#8221;Tecnologia aliada \u00e0 cobran\u00e7a&#8221; font_container=&#8221;tag:h3|font_size:21px|text_align:left|line_height:48px&#8221; use_theme_fonts=&#8221;yes&#8221;][vc_column_text]<span style=\"font-weight: 400;\">Atrav\u00e9s do nosso sistema de controle \u00e9 poss\u00edvel reunir informa\u00e7\u00f5es sobre o hist\u00f3rico de movimenta\u00e7\u00f5es do cliente, pagamentos realizados e a vencer, viabilizando o controle da inadimpl\u00eancia com poucos cliques e seguran\u00e7a para nossos clientes.\u00a0 Conte com a nossa solu\u00e7\u00e3o que permite:<\/span>[\/vc_column_text][icon_list icon_type=&#8221;fontawesome&#8221; icon_fontawesome=&#8221;fa fa-arrow-circle-right&#8221; color=&#8221;#0a0101&#8243; extra_class=&#8221;&#8221; list=&#8221;%5B%7B%22item%22%3A%22Consolida%C3%A7%C3%A3o%20de%20d%C3%A9bitos%22%7D%2C%7B%22item%22%3A%22Concess%C3%A3o%20de%20prazo%2C%20parcelamento%20e%20desconto%22%7D%2C%7B%22item%22%3A%22Valores%20a%20receber%20por%20devedor%20e%20data%22%7D%2C%7B%22item%22%3A%22Emiss%C3%A3o%20de%20boletos%22%7D%2C%7B%22item%22%3A%22Acesso%20para%20seus%20clientes%20acompanharem%20d%C3%A9bitos%20pendentes%22%7D%2C%7B%22item%22%3A%22Relat%C3%B3rios%20diversos%22%7D%5D&#8221;][vc_custom_heading text=&#8221;Gest\u00e3o de Condom\u00ednios&#8221; font_container=&#8221;tag:h3|font_size:21px|text_align:left|line_height:48px&#8221; use_theme_fonts=&#8221;yes&#8221;][vc_column_text]<span style=\"font-weight: 400;\">Conhe\u00e7a tamb\u00e9m os nossos servi\u00e7os de gest\u00e3o de inadimpl\u00eancia e cobran\u00e7a voltados para Condom\u00ednios Residenciais, Comerciais e para Construtoras.<\/span>[\/vc_column_text][vc_empty_space height=&#8221;25px&#8221;][vc_column_text]<\/p>\n<h1 style=\"text-align: center;\">Gostou de nossos servi\u00e7os ?<br \/>\nEntre em <a style=\"color: #e9563d;\" title=\"Contato\" href=\"https:\/\/ajmdconsultores.com.br\/index.php\/pages\/contato-2\/\">Contato<\/a><\/h1>\n<p>[\/vc_column_text][vc_empty_space height=&#8221;20px&#8221;][\/vc_column][vc_column width=&#8221;1\/6&#8243;][\/vc_column][\/vc_row][vc_row full_width=&#8221;stretch_row&#8221; css=&#8221;.vc_custom_1489151589380{padding-top: 50px !important;padding-bottom: 100px !important;background-color: #ecf1f7 !important;}&#8221;][vc_column offset=&#8221;vc_hidden-lg vc_hidden-md vc_hidden-sm vc_hidden-xs&#8221;][vc_column_text]<\/p>\n<h2 style=\"text-align: center;\">Clientes<\/h2>\n<p>[\/vc_column_text][vc_row_inner][vc_column_inner width=&#8221;1\/4&#8243;][info_box icon_types=&#8221;icon_image&#8221; shadows=&#8221;large&#8221; href=&#8221;|||&#8221; extra_class=&#8221;hahah&#8221; icons=&#8221;fa fa-smile-o&#8221; image=&#8221;1460&#8243; title=&#8221;Imaginie&#8221;][\/vc_column_inner][vc_column_inner width=&#8221;1\/4&#8243;][info_box icon_types=&#8221;icon_image&#8221; shadows=&#8221;large&#8221; href=&#8221;url:http%3A%2F%2Fdemo.themeton.com%2Fconsultaid%2Fpages%2Fabout-us-1%2F|||&#8221; extra_class=&#8221;hahah&#8221; icons=&#8221;fa fa-coffee&#8221; image=&#8221;1459&#8243; title=&#8221;Eduk&#8221;][\/vc_column_inner][vc_column_inner width=&#8221;1\/4&#8243;][info_box icon_types=&#8221;icon_image&#8221; shadows=&#8221;large&#8221; href=&#8221;|||&#8221; extra_class=&#8221;hahah&#8221; icons=&#8221;fa fa-gift&#8221; title=&#8221;ChatGuru&#8221; image=&#8221;1457&#8243;][\/vc_column_inner][vc_column_inner width=&#8221;1\/4&#8243;][info_box icon_types=&#8221;icon_image&#8221; shadows=&#8221;large&#8221; href=&#8221;url:http%3A%2F%2Fdemo.themeton.com%2Fconsultaid%2Fpages%2Fabout-us-2%2F|||&#8221; extra_class=&#8221;hahah&#8221; icons=&#8221;fa fa-rocket&#8221; title=&#8221;Green&#8221; image=&#8221;1458&#8243;][\/vc_column_inner][\/vc_row_inner][\/vc_column][vc_column offset=&#8221;vc_hidden-lg vc_hidden-md vc_hidden-sm vc_hidden-xs&#8221; css=&#8221;.vc_custom_1616530286611{background-color: #ffffff !important;}&#8221;][\/vc_column][\/vc_row]<\/p>\n","protected":false},"excerpt":{"rendered":"<p>[vc_row][vc_column][vc_custom_heading text=&#8221;Cobran\u00e7a&#8221; font_container=&#8221;tag:h2|font_size:36px|text_align:center|line_height:55px&#8221; use_theme_fonts=&#8221;yes&#8221;][vc_single_image image=&#8221;1608&#8243; img_size=&#8221;full&#8221; alignment=&#8221;center&#8221;][\/vc_column][\/vc_row][vc_row][vc_column width=&#8221;1\/6&#8243;][\/vc_column][vc_column width=&#8221;2\/3&#8243;][vc_column_text]A AJMD gerencia o seu fluxo de recebimento de clientes e devedores executando o apoio administrativo para controle de inadimpl\u00eancia e execu\u00e7\u00e3o de atividades cobran\u00e7a. Atuamos\u00a0desde a pr\u00e9-cobran\u00e7a (aviso de vencimento por &#8230;<\/p>\n","protected":false},"author":2,"featured_media":0,"parent":207,"menu_order":0,"comment_status":"closed","ping_status":"closed","template":"","meta":{"om_disable_all_campaigns":false,"_monsterinsights_skip_tracking":false,"_monsterinsights_sitenote_active":false,"_monsterinsights_sitenote_note":"","_monsterinsights_sitenote_category":0,"footnotes":""},"class_list":["post-1543","page","type-page","status-publish","hentry"],"aioseo_notices":[],"_links":{"self":[{"href":"https:\/\/ajmdconsultores.com.br\/index.php\/wp-json\/wp\/v2\/pages\/1543","targetHints":{"allow":["GET"]}}],"collection":[{"href":"https:\/\/ajmdconsultores.com.br\/index.php\/wp-json\/wp\/v2\/pages"}],"about":[{"href":"https:\/\/ajmdconsultores.com.br\/index.php\/wp-json\/wp\/v2\/types\/page"}],"author":[{"embeddable":true,"href":"https:\/\/ajmdconsultores.com.br\/index.php\/wp-json\/wp\/v2\/users\/2"}],"replies":[{"embeddable":true,"href":"https:\/\/ajmdconsultores.com.br\/index.php\/wp-json\/wp\/v2\/comments?post=1543"}],"version-history":[{"count":8,"href":"https:\/\/ajmdconsultores.com.br\/index.php\/wp-json\/wp\/v2\/pages\/1543\/revisions"}],"predecessor-version":[{"id":1613,"href":"https:\/\/ajmdconsultores.com.br\/index.php\/wp-json\/wp\/v2\/pages\/1543\/revisions\/1613"}],"up":[{"embeddable":true,"href":"https:\/\/ajmdconsultores.com.br\/index.php\/wp-json\/wp\/v2\/pages\/207"}],"wp:attachment":[{"href":"https:\/\/ajmdconsultores.com.br\/index.php\/wp-json\/wp\/v2\/media?parent=1543"}],"curies":[{"name":"wp","href":"https:\/\/api.w.org\/{rel}","templated":true}]}}