{"id":1194,"date":"2017-03-10T11:21:44","date_gmt":"2017-03-10T11:21:44","guid":{"rendered":"http:\/\/demo.themeton.com\/consultaid\/?page_id=1194"},"modified":"2021-04-27T19:46:40","modified_gmt":"2021-04-27T22:46:40","slug":"gestao-financeira","status":"publish","type":"page","link":"https:\/\/ajmdconsultores.com.br\/index.php\/servicos\/gestao-financeira\/","title":{"rendered":"Gest\u00e3o Financeira"},"content":{"rendered":"<p>[vc_row][vc_column][vc_custom_heading text=&#8221;Gest\u00e3o financeira&#8221; font_container=&#8221;tag:h2|font_size:36px|text_align:center|line_height:55px&#8221; use_theme_fonts=&#8221;yes&#8221;][vc_single_image image=&#8221;1588&#8243; img_size=&#8221;full&#8221; alignment=&#8221;center&#8221;][\/vc_column][\/vc_row][vc_row][vc_column width=&#8221;1\/6&#8243;][\/vc_column][vc_column width=&#8221;2\/3&#8243;][vc_column_text]<span style=\"font-weight: 400;\">Consultoria, assessoria e apoio administrativo para gest\u00e3o de todo o movimento financeiro de uma empresa e de suas finan\u00e7as pessoais. Suporte para realizar o planejamento estrat\u00e9gico e administrar o patrim\u00f4nio e o capital, para desempenho do neg\u00f3cio, controle da situa\u00e7\u00e3o atual e planejamento para o futuro.<\/span><\/p>\n<p><span style=\"font-weight: 400;\">Conhe\u00e7a nossos servi\u00e7os que podem ser contratados conforme necessidade e planos de uso do sistema de gest\u00e3o AJMD com \u00e1rea exclusiva para os clientes, compreendendo:<\/span>[\/vc_column_text][vc_custom_heading text=&#8221;Financeiro&#8221; font_container=&#8221;tag:h3|font_size:21px|text_align:left|line_height:48px&#8221; use_theme_fonts=&#8221;yes&#8221;][icon_list icon_type=&#8221;fontawesome&#8221; icon_fontawesome=&#8221;fa fa-arrow-circle-right&#8221; color=&#8221;#0a0101&#8243; extra_class=&#8221;&#8221; list=&#8221;%5B%7B%22item%22%3A%22Cadastro%20e%20gest%C3%A3o%20de%20fornecedores%20e%20clientes%22%7D%2C%7B%22item%22%3A%22Contas%20a%20pagar%20e%20receber%22%7D%2C%7B%22item%22%3A%22Fluxo%20de%20caixa%22%7D%2C%7B%22item%22%3A%22Concilia%C3%A7%C3%A3o%20banc%C3%A1ria%22%7D%2C%7B%22item%22%3A%22Emiss%C3%A3o%20de%20boletos%22%7D%2C%7B%22item%22%3A%22Relat%C3%B3rios%20gerenciais%22%7D%2C%7B%22item%22%3A%22Capacita%C3%A7%C3%A3o%20de%20funcion%C3%A1rios%22%7D%2C%7B%22item%22%3A%22An%C3%A1lise%20peri%C3%B3dicas%20sobre%20as%20finan%C3%A7as%20organizacionais%22%7D%2C%7B%22item%22%3A%22Consultoria%20em%20finan%C3%A7as%20pessoais%20e%20educa%C3%A7%C3%A3o%20financeira%22%7D%5D&#8221;][vc_custom_heading text=&#8221;Sistema de Gest\u00e3o AJMD&#8221; font_container=&#8221;tag:h3|font_size:21px|text_align:left|line_height:48px&#8221; use_theme_fonts=&#8221;yes&#8221;][icon_list icon_type=&#8221;fontawesome&#8221; icon_fontawesome=&#8221;fa fa-arrow-circle-right&#8221; color=&#8221;#0a0101&#8243; extra_class=&#8221;&#8221; list=&#8221;%5B%7B%22item%22%3A%22Acesso%20via%20%5C%22%C3%81rea%20do%20cliente%5C%22%20no%20portal%20da%20AJMD%20Consultores%22%7D%2C%7B%22item%22%3A%22Planos%20de%20acesso%20conforme%20necessidade%22%7D%2C%7B%22item%22%3A%22Gest%C3%A3o%20de%20acesso%20para%20seus%20funcion%C3%A1rios%20e%20clientes%22%7D%2C%7B%22item%22%3A%22Totalmente%20acess%C3%ADvel%20pela%20internet%22%7D%2C%7B%22item%22%3A%22Financeiro%22%7D%2C%7B%22item%22%3A%22Integra%C3%A7%C3%A3o%20cont%C3%A1bil%22%7D%2C%7B%22item%22%3A%22Emiss%C3%A3o%20de%20NFe%22%7D%2C%7B%22item%22%3A%22Integra%C3%A7%C3%A3o%20banc%C3%A1ria%22%7D%2C%7B%22item%22%3A%22Gest%C3%A3o%20de%20balc%C3%A3o%20de%20vendas%22%7D%2C%7B%22item%22%3A%22Importa%C3%A7%C3%A3o%20e%20exporta%C3%A7%C3%A3o%20de%20dados%22%7D%5D&#8221;][vc_empty_space height=&#8221;25px&#8221;][vc_column_text]<\/p>\n<h1 style=\"text-align: center;\">Gostou de nossos servi\u00e7os ?<br \/>\nEntre em <a style=\"color: #e9563d;\" title=\"Contato\" href=\"https:\/\/ajmdconsultores.com.br\/index.php\/pages\/contato-2\/\">Contato<\/a><\/h1>\n<p>[\/vc_column_text][vc_empty_space height=&#8221;20px&#8221;][\/vc_column][vc_column width=&#8221;1\/6&#8243;][\/vc_column][\/vc_row][vc_row full_width=&#8221;stretch_row&#8221; css=&#8221;.vc_custom_1489151589380{padding-top: 50px !important;padding-bottom: 100px !important;background-color: #ecf1f7 !important;}&#8221;][vc_column offset=&#8221;vc_hidden-lg vc_hidden-md vc_hidden-sm vc_hidden-xs&#8221;][vc_column_text]<\/p>\n<h2 style=\"text-align: center;\">Clientes<\/h2>\n<p>[\/vc_column_text][vc_row_inner][vc_column_inner width=&#8221;1\/4&#8243;][info_box icon_types=&#8221;icon_image&#8221; shadows=&#8221;large&#8221; href=&#8221;|||&#8221; extra_class=&#8221;hahah&#8221; icons=&#8221;fa fa-smile-o&#8221; image=&#8221;1460&#8243; title=&#8221;Imaginie&#8221;][\/vc_column_inner][vc_column_inner width=&#8221;1\/4&#8243;][info_box icon_types=&#8221;icon_image&#8221; shadows=&#8221;large&#8221; href=&#8221;url:http%3A%2F%2Fdemo.themeton.com%2Fconsultaid%2Fpages%2Fabout-us-1%2F|||&#8221; extra_class=&#8221;hahah&#8221; icons=&#8221;fa fa-coffee&#8221; image=&#8221;1459&#8243; title=&#8221;Eduk&#8221;][\/vc_column_inner][vc_column_inner width=&#8221;1\/4&#8243;][info_box icon_types=&#8221;icon_image&#8221; shadows=&#8221;large&#8221; href=&#8221;|||&#8221; extra_class=&#8221;hahah&#8221; icons=&#8221;fa fa-gift&#8221; title=&#8221;ChatGuru&#8221; image=&#8221;1457&#8243;][\/vc_column_inner][vc_column_inner width=&#8221;1\/4&#8243;][info_box icon_types=&#8221;icon_image&#8221; shadows=&#8221;large&#8221; href=&#8221;url:http%3A%2F%2Fdemo.themeton.com%2Fconsultaid%2Fpages%2Fabout-us-2%2F|||&#8221; extra_class=&#8221;hahah&#8221; icons=&#8221;fa fa-rocket&#8221; title=&#8221;Green&#8221; image=&#8221;1458&#8243;][\/vc_column_inner][\/vc_row_inner][\/vc_column][\/vc_row]<\/p>\n","protected":false},"excerpt":{"rendered":"<p>[vc_row][vc_column][vc_custom_heading text=&#8221;Gest\u00e3o financeira&#8221; font_container=&#8221;tag:h2|font_size:36px|text_align:center|line_height:55px&#8221; use_theme_fonts=&#8221;yes&#8221;][vc_single_image image=&#8221;1588&#8243; img_size=&#8221;full&#8221; alignment=&#8221;center&#8221;][\/vc_column][\/vc_row][vc_row][vc_column width=&#8221;1\/6&#8243;][\/vc_column][vc_column width=&#8221;2\/3&#8243;][vc_column_text]Consultoria, assessoria e apoio administrativo para gest\u00e3o de todo o movimento financeiro de uma empresa e de suas finan\u00e7as pessoais. Suporte para realizar o planejamento estrat\u00e9gico e administrar o patrim\u00f4nio e &#8230;<\/p>\n","protected":false},"author":2,"featured_media":0,"parent":207,"menu_order":0,"comment_status":"closed","ping_status":"closed","template":"","meta":{"om_disable_all_campaigns":false,"_monsterinsights_skip_tracking":false,"_monsterinsights_sitenote_active":false,"_monsterinsights_sitenote_note":"","_monsterinsights_sitenote_category":0,"footnotes":""},"class_list":["post-1194","page","type-page","status-publish","hentry"],"aioseo_notices":[],"_links":{"self":[{"href":"https:\/\/ajmdconsultores.com.br\/index.php\/wp-json\/wp\/v2\/pages\/1194","targetHints":{"allow":["GET"]}}],"collection":[{"href":"https:\/\/ajmdconsultores.com.br\/index.php\/wp-json\/wp\/v2\/pages"}],"about":[{"href":"https:\/\/ajmdconsultores.com.br\/index.php\/wp-json\/wp\/v2\/types\/page"}],"author":[{"embeddable":true,"href":"https:\/\/ajmdconsultores.com.br\/index.php\/wp-json\/wp\/v2\/users\/2"}],"replies":[{"embeddable":true,"href":"https:\/\/ajmdconsultores.com.br\/index.php\/wp-json\/wp\/v2\/comments?post=1194"}],"version-history":[{"count":16,"href":"https:\/\/ajmdconsultores.com.br\/index.php\/wp-json\/wp\/v2\/pages\/1194\/revisions"}],"predecessor-version":[{"id":1662,"href":"https:\/\/ajmdconsultores.com.br\/index.php\/wp-json\/wp\/v2\/pages\/1194\/revisions\/1662"}],"up":[{"embeddable":true,"href":"https:\/\/ajmdconsultores.com.br\/index.php\/wp-json\/wp\/v2\/pages\/207"}],"wp:attachment":[{"href":"https:\/\/ajmdconsultores.com.br\/index.php\/wp-json\/wp\/v2\/media?parent=1194"}],"curies":[{"name":"wp","href":"https:\/\/api.w.org\/{rel}","templated":true}]}}